{"id":506,"date":"2017-04-27T16:08:26","date_gmt":"2017-04-27T16:08:26","guid":{"rendered":"http:\/\/tcomepg.eper.hidden.hu\/?page_id=506\/"},"modified":"2024-06-25T14:10:48","modified_gmt":"2024-06-25T12:10:48","slug":"spektrum-provozovatel","status":"publish","type":"page","link":"https:\/\/dx8679cyczv2z.cloudfront.net\/cs\/spektrum\/spektrum-provozovatel\/","title":{"rendered":"Spektrum &#8211; PROVOZOVATEL"},"content":{"rendered":"<p>Impresszum<\/p>\n<p>Operator of TV broadcasting:<\/p>\n<p>AMC Networks Central Europe s.r.o.<\/p>\n<p>ID No. 27112501<\/p>\n<p>Registered seat\/Correspondence address: Pob\u0159e\u017en\u00ed 620\/3, 186 00 Praha 8 \u2013 Karl\u00edn, Czech Republic<\/p>\n<p>Phone no.: +420 734 750 130<\/p>\n<p>Website: <a href=\"https:\/\/www.tvspektrum.cz\/\">https:\/\/www.tvspektrum.cz\/<\/a><\/p>\n<p>E-mail: <a href=\"mailto:info@ce.amcnetworks.com\">info@ce.amcnetworks.com<\/a><\/p>\n<p>&nbsp;<\/p>\n<p>Business activities of the operator are governed by the Czech law.<\/p>\n<p>The regulatory body that oversees the operation of television broadcasting is:\/A hat\u00e1sk\u00f6rrel rendelkez\u0151 szab\u00e1lyoz\u00f3 vagy fel\u00fcgyeleti szerv:<\/p>\n<p>&nbsp;<\/p>\n<p>RADA PRO ROZHLASOV\u00c9 A TELEVIZN\u00cd VYS\u00cdL\u00c1N\u00cd<\/p>\n<p>Address: \u0160kr\u00e9tova 44\/6, 120 00 Praha 2<\/p>\n<p>Telefon: 274\u00a0813\u00a0830, 226\u00a0236\u00a0000<\/p>\n<p>e-mail: <a href=\"mailto:podatelna@rrtv.gov.cz\">podatelna@rrtv.gov.cz<\/a><\/p>\n<p>website: https:\/\/rrtv.gov.cz\/cz<\/p>\n<p>&nbsp;<\/p>\n","protected":false},"excerpt":{"rendered":"<p>Impresszum Operator of TV broadcasting: AMC Networks Central Europe s.r.o. ID No. 27112501 Registered seat\/Correspondence address: Pob\u0159e\u017en\u00ed 620\/3, 186 00 Praha 8 \u2013 Karl\u00edn, Czech Republic Phone no.: +420 734 750 130 Website: https:\/\/www.tvspektrum.cz\/ E-mail: info@ce.amcnetworks.com &nbsp; Business activities of the operator are governed by the Czech law. The regulatory body that oversees the operation [&hellip;]<\/p>\n","protected":false},"author":1,"featured_media":0,"parent":252,"menu_order":0,"comment_status":"closed","ping_status":"closed","template":"","meta":{"_acf_changed":false,"inline_featured_image":false,"footnotes":""},"categories":[],"class_list":["post-506","page","type-page","status-publish","hentry"],"acf":[],"_links":{"self":[{"href":"https:\/\/dx8679cyczv2z.cloudfront.net\/cs\/wp-json\/wp\/v2\/pages\/506","targetHints":{"allow":["GET"]}}],"collection":[{"href":"https:\/\/dx8679cyczv2z.cloudfront.net\/cs\/wp-json\/wp\/v2\/pages"}],"about":[{"href":"https:\/\/dx8679cyczv2z.cloudfront.net\/cs\/wp-json\/wp\/v2\/types\/page"}],"author":[{"embeddable":true,"href":"https:\/\/dx8679cyczv2z.cloudfront.net\/cs\/wp-json\/wp\/v2\/users\/1"}],"replies":[{"embeddable":true,"href":"https:\/\/dx8679cyczv2z.cloudfront.net\/cs\/wp-json\/wp\/v2\/comments?post=506"}],"version-history":[{"count":5,"href":"https:\/\/dx8679cyczv2z.cloudfront.net\/cs\/wp-json\/wp\/v2\/pages\/506\/revisions"}],"predecessor-version":[{"id":38535,"href":"https:\/\/dx8679cyczv2z.cloudfront.net\/cs\/wp-json\/wp\/v2\/pages\/506\/revisions\/38535"}],"up":[{"embeddable":true,"href":"https:\/\/dx8679cyczv2z.cloudfront.net\/cs\/wp-json\/wp\/v2\/pages\/252"}],"wp:attachment":[{"href":"https:\/\/dx8679cyczv2z.cloudfront.net\/cs\/wp-json\/wp\/v2\/media?parent=506"}],"wp:term":[{"taxonomy":"category","embeddable":true,"href":"https:\/\/dx8679cyczv2z.cloudfront.net\/cs\/wp-json\/wp\/v2\/categories?post=506"}],"curies":[{"name":"wp","href":"https:\/\/api.w.org\/{rel}","templated":true}]}}